{"id":41,"date":"2025-08-31T15:17:53","date_gmt":"2025-08-31T15:17:53","guid":{"rendered":"https:\/\/naturenestcollection.com\/?page_id=41"},"modified":"2025-09-02T19:20:29","modified_gmt":"2025-09-02T19:20:29","slug":"home","status":"publish","type":"page","link":"https:\/\/naturenestcollection.com\/sk","title":{"rendered":"Home"},"content":{"rendered":"<div data-elementor-type=\"wp-page\" data-elementor-id=\"41\" class=\"elementor elementor-41\" data-elementor-post-type=\"page\">\n\t\t\t\t<div class=\"elementor-element elementor-element-24ff5dc e-flex e-con-boxed e-con e-parent\" data-id=\"24ff5dc\" data-element_type=\"container\" data-settings=\"{&quot;background_background&quot;:&quot;classic&quot;}\">\n\t\t\t\t\t<div class=\"e-con-inner\">\n\t\t<div class=\"elementor-element elementor-element-01b5fb9 e-con-full e-flex e-con e-child\" data-id=\"01b5fb9\" data-element_type=\"container\" data-settings=\"{&quot;background_background&quot;:&quot;classic&quot;}\">\n\t\t\t\t<div class=\"elementor-element elementor-element-e09538b elementor-widget elementor-widget-heading\" data-id=\"e09538b\" data-element_type=\"widget\" data-widget_type=\"heading.default\">\n\t\t\t\t\t<h2 class=\"elementor-heading-title elementor-size-default\">Vyroben\u00e9 trad\u00edciou, in\u0161pirovan\u00e9 pr\u00edrodou\n<\/h2>\t\t\t\t<\/div>\n\t\t\t\t<div class=\"elementor-element elementor-element-033818f elementor-widget__width-initial elementor-widget elementor-widget-heading\" data-id=\"033818f\" data-element_type=\"widget\" data-widget_type=\"heading.default\">\n\t\t\t\t\t<h2 class=\"elementor-heading-title elementor-size-default\">Vyroben\u00e1 kvalita pre v\u00e1\u0161 prirodzen\u00fd \u017eivotn\u00fd \u0161t\u00fdl spojen\u00fd s pr\u00edrodou\n<\/h2>\t\t\t\t<\/div>\n\t\t\t\t<div class=\"elementor-element elementor-element-9ec5f78 elementor-align-center elementor-widget elementor-widget-button\" data-id=\"9ec5f78\" data-element_type=\"widget\" data-widget_type=\"button.default\">\n\t\t\t\t\t\t\t\t\t\t<a class=\"elementor-button elementor-button-link elementor-size-sm\" href=\"mailto:info@naturenestcollection.com\">\n\t\t\t\t\t\t<span class=\"elementor-button-content-wrapper\">\n\t\t\t\t\t\t\t\t\t<span class=\"elementor-button-text\">Presk\u00famajte na\u0161u zbierku<\/span>\n\t\t\t\t\t<\/span>\n\t\t\t\t\t<\/a>\n\t\t\t\t\t\t\t\t<\/div>\n\t\t\t\t<\/div>\n\t\t\t\t\t<\/div>\n\t\t\t\t<\/div>\n\t\t<div class=\"elementor-element elementor-element-7a9e21b e-flex e-con-boxed e-con e-parent\" data-id=\"7a9e21b\" data-element_type=\"container\" data-settings=\"{&quot;motion_fx_motion_fx_scrolling&quot;:&quot;yes&quot;,&quot;motion_fx_opacity_effect&quot;:&quot;yes&quot;,&quot;motion_fx_opacity_range&quot;:{&quot;unit&quot;:&quot;%&quot;,&quot;size&quot;:&quot;&quot;,&quot;sizes&quot;:{&quot;start&quot;:22,&quot;end&quot;:26}},&quot;motion_fx_devices&quot;:[&quot;desktop&quot;,&quot;tablet&quot;],&quot;motion_fx_opacity_direction&quot;:&quot;out-in&quot;,&quot;motion_fx_opacity_level&quot;:{&quot;unit&quot;:&quot;px&quot;,&quot;size&quot;:10,&quot;sizes&quot;:[]}}\">\n\t\t\t\t\t<div class=\"e-con-inner\">\n\t\t<div class=\"elementor-element elementor-element-cb79bb6 e-con-full e-flex e-con e-child\" data-id=\"cb79bb6\" data-element_type=\"container\">\n\t\t<div class=\"elementor-element elementor-element-aa19712 e-con-full e-flex e-con e-child\" data-id=\"aa19712\" data-element_type=\"container\" data-settings=\"{&quot;background_background&quot;:&quot;classic&quot;}\">\n\t\t\t\t<\/div>\n\t\t\t\t<\/div>\n\t\t<div class=\"elementor-element elementor-element-f9b9de9 e-con-full e-flex e-con e-child\" data-id=\"f9b9de9\" data-element_type=\"container\">\n\t\t<div class=\"elementor-element elementor-element-8933fb9 e-con-full e-flex e-con e-child\" data-id=\"8933fb9\" data-element_type=\"container\" data-settings=\"{&quot;background_background&quot;:&quot;classic&quot;}\">\n\t\t\t\t<div class=\"elementor-element elementor-element-630afb3 elementor-widget elementor-widget-heading\" data-id=\"630afb3\" data-element_type=\"widget\" data-widget_type=\"heading.default\">\n\t\t\t\t\t<h2 class=\"elementor-heading-title elementor-size-default\">N\u00e1\u0161 pr\u00edbeh<\/h2>\t\t\t\t<\/div>\n\t\t\t\t<div class=\"elementor-element elementor-element-7707e3e elementor-widget__width-initial elementor-widget-mobile__width-inherit elementor-widget elementor-widget-heading\" data-id=\"7707e3e\" data-element_type=\"widget\" data-widget_type=\"heading.default\">\n\t\t\t\t\t<h2 class=\"elementor-heading-title elementor-size-default\">V Nature Nest Collection tvor\u00edme produkty z pr\u00edrodn\u00fdch materi\u00e1lov, ktor\u00e9 sp\u00e1jaj\u00fa funk\u010dnos\u0165 s nad\u010dasovou kr\u00e1sou.<\/h2>\t\t\t\t<\/div>\n\t\t\t\t<div class=\"elementor-element elementor-element-4ead75e elementor-widget__width-initial elementor-widget-mobile__width-inherit elementor-widget elementor-widget-heading\" data-id=\"4ead75e\" data-element_type=\"widget\" data-widget_type=\"heading.default\">\n\t\t\t\t\t<h2 class=\"elementor-heading-title elementor-size-default\">Ka\u017ed\u00e1 kolekcia odr\u00e1\u017ea na\u0161e hodnoty jednoduchosti, trad\u00edcie a udr\u017eate\u013enosti a prin\u00e1\u0161a autentickos\u0165 pr\u00edrody do ka\u017edodenn\u00e9ho \u017eivota.<\/h2>\t\t\t\t<\/div>\n\t\t\t\t<\/div>\n\t\t\t\t<\/div>\n\t\t\t\t\t<\/div>\n\t\t\t\t<\/div>\n\t\t<div class=\"elementor-element elementor-element-9303e8c e-flex e-con-boxed e-con e-parent\" data-id=\"9303e8c\" data-element_type=\"container\" data-settings=\"{&quot;background_background&quot;:&quot;classic&quot;,&quot;motion_fx_motion_fx_scrolling&quot;:&quot;yes&quot;,&quot;motion_fx_opacity_effect&quot;:&quot;yes&quot;,&quot;motion_fx_opacity_range&quot;:{&quot;unit&quot;:&quot;%&quot;,&quot;size&quot;:&quot;&quot;,&quot;sizes&quot;:{&quot;start&quot;:33,&quot;end&quot;:42}},&quot;motion_fx_devices&quot;:[&quot;desktop&quot;,&quot;tablet&quot;],&quot;motion_fx_opacity_direction&quot;:&quot;out-in&quot;,&quot;motion_fx_opacity_level&quot;:{&quot;unit&quot;:&quot;px&quot;,&quot;size&quot;:10,&quot;sizes&quot;:[]}}\">\n\t\t\t\t\t<div class=\"e-con-inner\">\n\t\t<div class=\"elementor-element elementor-element-19debb0 e-con-full e-flex e-con e-child\" data-id=\"19debb0\" data-element_type=\"container\" data-settings=\"{&quot;background_background&quot;:&quot;classic&quot;}\">\n\t\t<div class=\"elementor-element elementor-element-c874c7b e-con-full e-flex e-con e-child\" data-id=\"c874c7b\" data-element_type=\"container\">\n\t\t\t\t<div class=\"elementor-element elementor-element-dd0f404 elementor-widget elementor-widget-image\" data-id=\"dd0f404\" data-element_type=\"widget\" data-widget_type=\"image.default\">\n\t\t\t\t\t\t\t\t\t\t\t\t\t\t\t<img fetchpriority=\"high\" decoding=\"async\" width=\"800\" height=\"448\" src=\"https:\/\/naturenestcollection.com\/wp-content\/uploads\/2025\/08\/bowl-min-1024x574.webp\" class=\"attachment-large size-large wp-image-188\" alt=\"\" srcset=\"https:\/\/naturenestcollection.com\/wp-content\/uploads\/2025\/08\/bowl-min-1024x574.webp 1024w, https:\/\/naturenestcollection.com\/wp-content\/uploads\/2025\/08\/bowl-min-300x168.webp 300w, https:\/\/naturenestcollection.com\/wp-content\/uploads\/2025\/08\/bowl-min-768x430.webp 768w, https:\/\/naturenestcollection.com\/wp-content\/uploads\/2025\/08\/bowl-min.webp 1456w\" sizes=\"(max-width: 800px) 100vw, 800px\" \/>\t\t\t\t\t\t\t\t\t\t\t\t\t\t\t<\/div>\n\t\t\t\t<\/div>\n\t\t<div class=\"elementor-element elementor-element-06b6008 e-con-full e-flex e-con e-child\" data-id=\"06b6008\" data-element_type=\"container\">\n\t\t\t\t<div class=\"elementor-element elementor-element-5c38e2c elementor-widget elementor-widget-heading\" data-id=\"5c38e2c\" data-element_type=\"widget\" data-widget_type=\"heading.default\">\n\t\t\t\t\t<h2 class=\"elementor-heading-title elementor-size-default\">01<\/h2>\t\t\t\t<\/div>\n\t\t\t\t<div class=\"elementor-element elementor-element-3e0e2eb elementor-widget elementor-widget-heading\" data-id=\"3e0e2eb\" data-element_type=\"widget\" data-widget_type=\"heading.default\">\n\t\t\t\t\t<h2 class=\"elementor-heading-title elementor-size-default\">In\u0161pirovan\u00e9 pr\u00edrodou<\/h2>\t\t\t\t<\/div>\n\t\t\t\t<div class=\"elementor-element elementor-element-9a29a59 elementor-widget__width-initial elementor-widget-mobile__width-inherit elementor-widget elementor-widget-heading\" data-id=\"9a29a59\" data-element_type=\"widget\" data-widget_type=\"heading.default\">\n\t\t\t\t\t<h2 class=\"elementor-heading-title elementor-size-default\">Na\u0161e kolekcie sa rodia z ducha pr\u00edrody a dedi\u010dstva remesla.<\/h2>\t\t\t\t<\/div>\n\t\t\t\t<div class=\"elementor-element elementor-element-ff196e9 elementor-widget__width-initial elementor-widget-mobile__width-inherit elementor-widget elementor-widget-heading\" data-id=\"ff196e9\" data-element_type=\"widget\" data-widget_type=\"heading.default\">\n\t\t\t\t\t<h2 class=\"elementor-heading-title elementor-size-default\">S\u00fa navrhnut\u00e9 tak, aby boli funk\u010dn\u00e9 aj elegantn\u00e9 \u2013 ka\u017ed\u00fd k\u00fasok prin\u00e1\u0161a do v\u00e1\u0161ho domova dotyk rustik\u00e1lneho \u0161armu a nad\u010dasov\u00e9ho charakteru.<\/h2>\t\t\t\t<\/div>\n\t\t\t\t<\/div>\n\t\t\t\t<\/div>\n\t\t\t\t\t<\/div>\n\t\t\t\t<\/div>\n\t\t<div class=\"elementor-element elementor-element-2582a3a e-flex e-con-boxed e-con e-parent\" data-id=\"2582a3a\" data-element_type=\"container\" data-settings=\"{&quot;background_background&quot;:&quot;classic&quot;,&quot;motion_fx_motion_fx_scrolling&quot;:&quot;yes&quot;,&quot;motion_fx_opacity_effect&quot;:&quot;yes&quot;,&quot;motion_fx_opacity_range&quot;:{&quot;unit&quot;:&quot;%&quot;,&quot;size&quot;:&quot;&quot;,&quot;sizes&quot;:{&quot;start&quot;:52,&quot;end&quot;:60}},&quot;motion_fx_devices&quot;:[&quot;desktop&quot;,&quot;tablet&quot;],&quot;motion_fx_opacity_direction&quot;:&quot;out-in&quot;,&quot;motion_fx_opacity_level&quot;:{&quot;unit&quot;:&quot;px&quot;,&quot;size&quot;:10,&quot;sizes&quot;:[]}}\">\n\t\t\t\t\t<div class=\"e-con-inner\">\n\t\t<div class=\"elementor-element elementor-element-5d3a0db e-con-full e-flex e-con e-child\" data-id=\"5d3a0db\" data-element_type=\"container\" data-settings=\"{&quot;background_background&quot;:&quot;classic&quot;}\">\n\t\t<div class=\"elementor-element elementor-element-a905e1a e-con-full e-flex e-con e-child\" data-id=\"a905e1a\" data-element_type=\"container\">\n\t\t\t\t<div class=\"elementor-element elementor-element-cb64947 elementor-widget elementor-widget-image\" data-id=\"cb64947\" data-element_type=\"widget\" data-widget_type=\"image.default\">\n\t\t\t\t\t\t\t\t\t\t\t\t\t\t\t<img decoding=\"async\" width=\"800\" height=\"534\" src=\"https:\/\/naturenestcollection.com\/wp-content\/uploads\/2025\/08\/WhatsApp-Image-2025-08-28-at-8.58.03-PM-1-min-1024x683.webp\" class=\"attachment-large size-large wp-image-189\" alt=\"\" srcset=\"https:\/\/naturenestcollection.com\/wp-content\/uploads\/2025\/08\/WhatsApp-Image-2025-08-28-at-8.58.03-PM-1-min-1024x683.webp 1024w, https:\/\/naturenestcollection.com\/wp-content\/uploads\/2025\/08\/WhatsApp-Image-2025-08-28-at-8.58.03-PM-1-min-300x200.webp 300w, https:\/\/naturenestcollection.com\/wp-content\/uploads\/2025\/08\/WhatsApp-Image-2025-08-28-at-8.58.03-PM-1-min-768x512.webp 768w, https:\/\/naturenestcollection.com\/wp-content\/uploads\/2025\/08\/WhatsApp-Image-2025-08-28-at-8.58.03-PM-1-min.webp 1344w\" sizes=\"(max-width: 800px) 100vw, 800px\" \/>\t\t\t\t\t\t\t\t\t\t\t\t\t\t\t<\/div>\n\t\t\t\t<\/div>\n\t\t<div class=\"elementor-element elementor-element-6b53501 e-con-full e-flex e-con e-child\" data-id=\"6b53501\" data-element_type=\"container\">\n\t\t\t\t<div class=\"elementor-element elementor-element-6719f38 elementor-widget elementor-widget-heading\" data-id=\"6719f38\" data-element_type=\"widget\" data-widget_type=\"heading.default\">\n\t\t\t\t\t<h2 class=\"elementor-heading-title elementor-size-default\">02<\/h2>\t\t\t\t<\/div>\n\t\t\t\t<div class=\"elementor-element elementor-element-6651c0d elementor-widget elementor-widget-heading\" data-id=\"6651c0d\" data-element_type=\"widget\" data-widget_type=\"heading.default\">\n\t\t\t\t\t<h2 class=\"elementor-heading-title elementor-size-default\">Udr\u017eate\u013enos\u0165 nie je trend \u2014 je to z\u00e1v\u00e4zok.<\/h2>\t\t\t\t<\/div>\n\t\t\t\t<div class=\"elementor-element elementor-element-488d309 elementor-widget__width-initial elementor-widget-mobile__width-inherit elementor-widget elementor-widget-heading\" data-id=\"488d309\" data-element_type=\"widget\" data-widget_type=\"heading.default\">\n\t\t\t\t\t<h2 class=\"elementor-heading-title elementor-size-default\">Na\u0161e hodnoty s\u00fa zakorenen\u00e9 v \u00facte k pr\u00edrode a tradi\u010dn\u00e9mu remeslu. Preto vol\u00edme ekologick\u00e9 materi\u00e1ly, bezplastov\u00e9 balenia a podporujeme mal\u00fdch v\u00fdrobcov, ktor\u00ed tvoria eticky a zodpovedne \u2014 pre \u013eud\u00ed aj pre plan\u00e9tu.<\/h2>\t\t\t\t<\/div>\n\t\t\t\t<\/div>\n\t\t\t\t<\/div>\n\t\t\t\t\t<\/div>\n\t\t\t\t<\/div>\n\t\t<div class=\"elementor-element elementor-element-3fd250f e-flex e-con-boxed e-con e-parent\" data-id=\"3fd250f\" data-element_type=\"container\" data-settings=\"{&quot;background_background&quot;:&quot;classic&quot;,&quot;motion_fx_motion_fx_scrolling&quot;:&quot;yes&quot;,&quot;motion_fx_opacity_effect&quot;:&quot;yes&quot;,&quot;motion_fx_opacity_range&quot;:{&quot;unit&quot;:&quot;%&quot;,&quot;size&quot;:&quot;&quot;,&quot;sizes&quot;:{&quot;start&quot;:74,&quot;end&quot;:83}},&quot;motion_fx_devices&quot;:[&quot;desktop&quot;,&quot;tablet&quot;],&quot;motion_fx_opacity_direction&quot;:&quot;out-in&quot;,&quot;motion_fx_opacity_level&quot;:{&quot;unit&quot;:&quot;px&quot;,&quot;size&quot;:10,&quot;sizes&quot;:[]}}\">\n\t\t\t\t\t<div class=\"e-con-inner\">\n\t\t<div class=\"elementor-element elementor-element-74518f5 e-con-full e-flex e-con e-child\" data-id=\"74518f5\" data-element_type=\"container\" data-settings=\"{&quot;background_background&quot;:&quot;classic&quot;}\">\n\t\t<div class=\"elementor-element elementor-element-9deae1a e-con-full e-flex e-con e-child\" data-id=\"9deae1a\" data-element_type=\"container\">\n\t\t\t\t<div class=\"elementor-element elementor-element-a01dce9 elementor-widget elementor-widget-image\" data-id=\"a01dce9\" data-element_type=\"widget\" data-widget_type=\"image.default\">\n\t\t\t\t\t\t\t\t\t\t\t\t\t\t\t<img decoding=\"async\" width=\"800\" height=\"448\" src=\"https:\/\/naturenestcollection.com\/wp-content\/uploads\/2025\/08\/WhatsApp-Image-2025-08-28-at-8.58.02-PM-min-1024x574.webp\" class=\"attachment-large size-large wp-image-190\" alt=\"\" srcset=\"https:\/\/naturenestcollection.com\/wp-content\/uploads\/2025\/08\/WhatsApp-Image-2025-08-28-at-8.58.02-PM-min-1024x574.webp 1024w, https:\/\/naturenestcollection.com\/wp-content\/uploads\/2025\/08\/WhatsApp-Image-2025-08-28-at-8.58.02-PM-min-300x168.webp 300w, https:\/\/naturenestcollection.com\/wp-content\/uploads\/2025\/08\/WhatsApp-Image-2025-08-28-at-8.58.02-PM-min-768x430.webp 768w, https:\/\/naturenestcollection.com\/wp-content\/uploads\/2025\/08\/WhatsApp-Image-2025-08-28-at-8.58.02-PM-min.webp 1456w\" sizes=\"(max-width: 800px) 100vw, 800px\" \/>\t\t\t\t\t\t\t\t\t\t\t\t\t\t\t<\/div>\n\t\t\t\t<\/div>\n\t\t<div class=\"elementor-element elementor-element-03a2fc7 e-con-full e-flex e-con e-child\" data-id=\"03a2fc7\" data-element_type=\"container\">\n\t\t\t\t<div class=\"elementor-element elementor-element-b8dd21a elementor-widget elementor-widget-heading\" data-id=\"b8dd21a\" data-element_type=\"widget\" data-widget_type=\"heading.default\">\n\t\t\t\t\t<h2 class=\"elementor-heading-title elementor-size-default\">Spustenie \u010doskoro<\/h2>\t\t\t\t<\/div>\n\t\t\t\t<div class=\"elementor-element elementor-element-be1ca0d elementor-widget__width-initial elementor-widget-mobile__width-inherit elementor-widget elementor-widget-heading\" data-id=\"be1ca0d\" data-element_type=\"widget\" data-widget_type=\"heading.default\">\n\t\t\t\t\t<h2 class=\"elementor-heading-title elementor-size-default\">Ako prv\u00e9 l\u00fa\u010de \u00fasvitu nad tichou dedinou, aj na\u0161a kolekcia postupne nadob\u00fada svoju podobu.<\/h2>\t\t\t\t<\/div>\n\t\t\t\t<div class=\"elementor-element elementor-element-6a3947a elementor-widget__width-initial elementor-widget-mobile__width-inherit elementor-widget elementor-widget-heading\" data-id=\"6a3947a\" data-element_type=\"widget\" data-widget_type=\"heading.default\">\n\t\t\t\t\t<h2 class=\"elementor-heading-title elementor-size-default\">U\u017e \u010doskoro sa s vami podel\u00edme o ru\u010dne vyroben\u00e9 k\u00fasky, ktor\u00e9 nes\u00fa du\u0161u pr\u00edrody a odkaz trad\u00edcie.<\/h2>\t\t\t\t<\/div>\n\t\t\t\t<div class=\"elementor-element elementor-element-60f58c8 elementor-align-left elementor-widget elementor-widget-button\" data-id=\"60f58c8\" data-element_type=\"widget\" data-widget_type=\"button.default\">\n\t\t\t\t\t\t\t\t\t\t<a class=\"elementor-button elementor-button-link elementor-size-sm\" href=\"mailto:info@naturenestcollection.com\">\n\t\t\t\t\t\t<span class=\"elementor-button-content-wrapper\">\n\t\t\t\t\t\t\t\t\t<span class=\"elementor-button-text\">Kontaktujte n\u00e1s<\/span>\n\t\t\t\t\t<\/span>\n\t\t\t\t\t<\/a>\n\t\t\t\t\t\t\t\t<\/div>\n\t\t\t\t<\/div>\n\t\t\t\t<\/div>\n\t\t\t\t\t<\/div>\n\t\t\t\t<\/div>\n\t\t\t\t<\/div>","protected":false},"excerpt":{"rendered":"<p>Crafted by Tradition, Inspired by Nature Crafted quality for your natural Lifestyle connected with nature Explore Our Collection Our Story At Nature Nest Collection, we curate products made from natural materials that unite functionality with timeless beauty. Each collection reflects our values of simplicity, tradition, and sustainability, bringing nature\u2019s authenticity into everyday living. 01 Inspired [&hellip;]<\/p>","protected":false},"author":1,"featured_media":0,"parent":0,"menu_order":0,"comment_status":"closed","ping_status":"closed","template":"elementor_header_footer","meta":{"footnotes":""},"class_list":["post-41","page","type-page","status-publish","hentry"],"_links":{"self":[{"href":"https:\/\/naturenestcollection.com\/sk\/wp-json\/wp\/v2\/pages\/41","targetHints":{"allow":["GET"]}}],"collection":[{"href":"https:\/\/naturenestcollection.com\/sk\/wp-json\/wp\/v2\/pages"}],"about":[{"href":"https:\/\/naturenestcollection.com\/sk\/wp-json\/wp\/v2\/types\/page"}],"author":[{"embeddable":true,"href":"https:\/\/naturenestcollection.com\/sk\/wp-json\/wp\/v2\/users\/1"}],"replies":[{"embeddable":true,"href":"https:\/\/naturenestcollection.com\/sk\/wp-json\/wp\/v2\/comments?post=41"}],"version-history":[{"count":103,"href":"https:\/\/naturenestcollection.com\/sk\/wp-json\/wp\/v2\/pages\/41\/revisions"}],"predecessor-version":[{"id":206,"href":"https:\/\/naturenestcollection.com\/sk\/wp-json\/wp\/v2\/pages\/41\/revisions\/206"}],"wp:attachment":[{"href":"https:\/\/naturenestcollection.com\/sk\/wp-json\/wp\/v2\/media?parent=41"}],"curies":[{"name":"wp","href":"https:\/\/api.w.org\/{rel}","templated":true}]}}